{"id":1845,"date":"2020-10-02T11:22:23","date_gmt":"2020-10-02T09:22:23","guid":{"rendered":"http:\/\/philippi-collection.de\/?page_id=1845"},"modified":"2020-10-16T08:41:10","modified_gmt":"2020-10-16T06:41:10","slug":"impressum","status":"publish","type":"page","link":"https:\/\/philippi-collection.de\/en\/impressum\/","title":{"rendered":"Impressum"},"content":{"rendered":"<p>[vc_row][vc_column][vc_column_text]<\/p>\n<p align=\"left\"><strong>Verantwortlicher<\/strong><br \/>\nVerantwortlich nach dem Teledienstgesetz:<\/p>\n<p align=\"center\"><strong>Dieter Philippi &#8211; Metzerstra\u00dfe 9, 66636 Tholey<\/strong><\/p>\n<p>&nbsp;<\/p>\n<p><strong>Geltungsbereich<\/strong><br \/>\nDie nachfolgenden Ausf\u00fchrungen gelten f\u00fcr die Website\u00a0<a href=\"http:\/\/www.dieter-philippi.de\/\" target=\"_blank\" rel=\"noopener noreferrer\">www.dieter-philippi.de<\/a>\u00a0&#8211; nachfolgend Webseiteninhaber bezeichnet &#8211; und alle damit verbundenen Inhalte.<br \/>\nEs wird auch das Verh\u00e4ltnis zwischen dem Webseiteninhaber, den Nutzern der von ihm angebotenen Inhalte sowie das Verh\u00e4ltnis zu etwaigen Dritten, die durch Links, Banner, Kontakthinweise usw. ausgewiesen sind, geregelt.<br \/>\n<strong>\u00dcber diese Webseite<\/strong><br \/>\nDiese Webseite stellt eine rein private und nicht kommerzielle Internetseite von Dieter Philippi dar.<br \/>\nDie Webseite bietet Informationen, die mich interessieren und die anderen auch hilfreich sein k\u00f6nnen. Die Besucher k\u00f6nnen\u00a0durch die sachliche Information in die Lage versetzt werden, sich mit den Themen auseinander zu setzen und informiert Stellung zu nehmen.<br \/>\n<strong>Wichtige Hinweise<\/strong><br \/>\nDer Zugang zu meiner Webseite ist nach dem Teledienstdatenschutzgesetz (TDDSG) anonym m\u00f6glich.<\/p>\n<p><strong>Die unaufgeforderte Zusendung von Werbung per Post, E-Mail oder Telefax ist unerw\u00fcnscht und wird ausdr\u00fccklich untersagt. Insbesondere die unaufgeforderte Zusendung einer Werbemail an Privatleute verst\u00f6\u00dft gegen \u00a7 1 UWG und \u00a7 823 I BGB (dazu Urteil des Berliner Landgerichtes,\u00a0 AZ: 16 O 201\/98 vom 2. August 1998).<\/strong><\/p>\n<p>Ebenso ist es ausdr\u00fccklich untersagt, Postanschriften, E-Mail-Adressen und Telefon- bzw. Telefaxnummern sowie Bilddateien und pers\u00f6nliche Daten jeglicher Art ohne schriftliche Erlaubnis oder ohne Rechtsgrundlage elektronisch oder in einer anderen Art zu erfassen, zu speichern, weiterzugeben oder zu ver\u00f6ffentlichen.<\/p>\n<p>Insbesondere die kommerzielle Nutzung der im Rahmen dieser Webseite ver\u00f6ffentlichten Informationen zu Werbe- oder \u00e4hnlichen Zwecken sowie deren Weitergabe an Dritte wird hiermit ausdr\u00fccklich untersagt.<\/p>\n<p>Diese Internetseite darf kostenfrei und ohne Mitteilung verlinkt werden, jedoch nicht in Verbindung mit \u00c4u\u00dferungen, die mich oder Dritte in irgendeiner Art l\u00e4cherlich machen, verunglimpfen oder zum Gegenstand \u00fcbler Nachrede oder Verleumdung machen.<\/p>\n<p>Im Rahmen meiner Internetseite entstandene Artikel, Bilder, Studien, Grafiken, Kommentare, Informationen usw. d\u00fcrfen nur dann elektronisch oder in einer anderen Form erfasst, gespeichert, weitergegeben oder ver\u00f6ffentlicht werden, wenn dies ausdr\u00fccklich gestattet wurde, und auch dann nur mit genauer Quellenangabe. Dabei sind \u00c4nderungen (K\u00fcrzungen, Kommentare, Erg\u00e4nzungen usw.) nur dann zul\u00e4ssig, wenn sie ausdr\u00fccklich gestattet wurden, und auch dann nur mit genauer Anzeige der \u00c4nderungen.<\/p>\n<p>Gegendarstellungen; Korrekturw\u00fcnsche oder Richtigstellungen senden Sie bitte \u00fcber das Kontaktformular, per Postbrief oder per Telefax an mich.<\/p>\n<p>Ich \u00fcbernehme keine Gew\u00e4hr f\u00fcr Vollst\u00e4ndigkeit, Korrektheit, Qualit\u00e4t und Aktualit\u00e4t der im Rahmen meines Internetauftrittes ver\u00f6ffentlichten Daten.<br \/>\nHaftungsanspr\u00fcche aufgrund ideeller bzw. materieller Sch\u00e4den, die sich aus der Nutzung oder Nichtnutzung der im Rahmen dieser Internetseite angebotenen Daten, auch wenn diese nicht vollst\u00e4ndig, nicht korrekt und nicht aktuell sind, ergeben, sind ausgeschlossen, wenn der Urheber diese nicht aus Vorsatz oder grober Fahrl\u00e4ssigkeit verschuldet hat.<\/p>\n<p>Jegliche Haftung \u00fcber den gesetzlich vorgegebenen Rahmen hinaus ist grunds\u00e4tzlich ausgeschlossen.<\/p>\n<p>Folgt ein Besucher einem Link oder einem Banner zu einer anderen Webseite, so verl\u00e4sst er damit den Verantwortungsbereich meiner Webseite. Ich schlie\u00dfe ausdr\u00fccklich jegliche Haftung f\u00fcr die Inhalte der anderen Internetauftritte aus, die \u00fcber die Gestaltung des Links oder des Banners hinausgeht.<\/p>\n<p>Alle Links und Banner, die auf meiner Internetpr\u00e4senz angeboten werden, sind grunds\u00e4tzlich nach bestem Wissen und Gewissen eingerichtet, jedoch bezieht sich meine Verantwortlichkeit ausschlie\u00dflich auf den zum Zeitpunkt der Linksetzung bekannten und auf den ersten Blick offensichtlichen Inhalt des Zieles, es sei denn, ein ge\u00e4nderter oder nicht auf den ersten Blick offensichtlicher Inhalt wird mir sp\u00e4ter ausdr\u00fccklich bekannt gemacht oder ich nehme aus grober Fahrl\u00e4ssigkeit oder Vorsatz nicht Kenntnis von einem ge\u00e4nderten oder nicht auf den ersten Blick offensichtlichen Inhalt, obgleich dies zumutbar w\u00e4re.<\/p>\n<p>Ich \u00fcbernehme keine Gew\u00e4hr f\u00fcr Vollst\u00e4ndigkeit, Korrektheit, Qualit\u00e4t und Aktualit\u00e4t der im Rahmen dieser Webseite angebotenen Links und Banner.<\/p>\n<p>Haftungsanspr\u00fcche aufgrund ideeller bzw. materieller Sch\u00e4den, die sich aus der Nutzung oder Nichtnutzung der Links und Banner, auch wenn diese nicht vollst\u00e4ndig, nicht korrekt und nicht aktuell sind, ergeben, sind ausgeschlossen, wenn der Urheber des Links oder des Banner diese nicht aus Vorsatz oder grober Fahrl\u00e4ssigkeit verschuldet hat.<\/p>\n<p>Fremdverfasste Inhalte von G\u00e4steb\u00fcchern, Diskussionsforen usw., die auf meiner Webseite gefunden werden, liegen grunds\u00e4tzlich in der Verantwortlichkeit der jeweiligen Autoren. Haftungsanspr\u00fcche aufgrund ideeller bzw. materieller Sch\u00e4den, die sich aus fremdverfassten Inhalten ergeben, bestehen lediglich gegen den Autor und nur dann gegen mich, wenn ich diese Sch\u00e4den aus Vorsatz oder grober Fahrl\u00e4ssigkeit mit zu verschulden haben, wenn ich etwa einen sch\u00e4digenden Inhalt nicht gel\u00f6scht habe, obgleich es uns zuzumuten gewesen w\u00e4re, von dem Inhalt Kenntnis zu erlangen, seine Sch\u00e4dlichkeit zu erkennen und ihn durch geeignete Mittel (z.B. L\u00f6schung) unsch\u00e4dlich zu machen.<\/p>\n<p>Fremdverfasste Inhalte geben nicht unbedingt meine Meinung wieder. Es werden auch Inhalte mit einer Meinung zugelassen, die ich mir nicht zu Eigen mache oder die im Gegensatz zu meiner Meinung stehen.<\/p>\n<p>Dritte oder Autoren von fremden Beitr\u00e4gen in Diskussionsforen, im G\u00e4stebuch, in Kommentaren usw. sind zur Sorgfalt bez\u00fcglich der von ihnen verfassten Beitr\u00e4ge verpflichtet. Dies bedeutet im Besonderen, dass keine urheberrechtlich oder sonst wie gesch\u00fctzten Inhalte zur Ver\u00f6ffentlichung gelangen d\u00fcrfen. Des weiteren d\u00fcrfen keine Beitr\u00e4ge ver\u00f6ffentlicht werden, die Beleidigungen (auch wechselseitige), \u00fcble Nachrede, Verleumdungen, Volksverhetzung, Aufrufe zu Straftaten usw. beinhalten.<\/p>\n<p>Ich behalte mir das Recht vor, fremdverfasste Inhalte z.B. in G\u00e4steb\u00fcchern, Diskussionsforen, Kommentaren usw. ohne Benachrichtigung des betreffenden Autoren nach eigenem Ermessen zu k\u00fcrzen oder zu l\u00f6schen. Dies betrifft insbesondere solche Inhalte, die nicht dem geltenden Recht entsprechen, gegen die guten Sitten versto\u00dfen, lediglich Werbung beliebiger Art beinhalten, urheberrechtlich oder durch andere Regelungen zugunsten Dritter gesch\u00fctzt sind oder Beleidigungen, \u00fcble Nachrede, Verleumdungen, Volksverhetzung, Aufrufe zu Straftaten usw. beinhalten.<\/p>\n<p>Die im Rahmen dier Homepage genannte Markennamen und Warenzeichen werden ausschlie\u00dflich zu dokumentarischen oder lexikalischen Zwecken verwendet. Ihre Nennung bedeutet nicht ihre freie Verf\u00fcgbarkeit. Die Rechte der jeweiligen Markeninhaber werden anerkannt.<\/p>\n<p>Was die Bilder unter der Rubrik &#8220;Klerikale Kopfbedeckungen&#8221; betrifft, so habe ich mich nach Kr\u00e4ften bem\u00fcht, die Quellen korrekt anzugeben. Sollte sich ein Inhaber von Bildrechten\u00a0in seinen Rechten verletzt f\u00fchlen, so bitte ich um Nachricht. Das Bild wird dann sofort entfernt. Sind die Quellen von mir falsch benannt, erfolgt umgehend eine Richtigstellung.<\/p>\n<p>Im Falle von Rechtsstreitigkeiten, wettbewerbsrechtlichen Problemen o.\u00e4. bitte ich darum, mich zwecks Vermeidung unn\u00f6tiger Rechtsstreite und Kosten bereits im Vorfeld zu kontaktieren. Die Kostennote einer anwaltlichen Abmahnung ohne vorhergehende Kontaktaufnahme mit mir wird im Sinne der Schadensminderungspflicht als unbegr\u00fcndet zur\u00fcckgewiesen.<\/p>\n<p>Sollte eine oder mehrere Ausf\u00fchrungen unrichtig oder nichtig sein, ber\u00fchrt dies die \u00fcbrigen Passagen nicht.[\/vc_column_text][\/vc_column][\/vc_row]<\/p>\n","protected":false},"excerpt":{"rendered":"<p>[vc_row][vc_column][vc_column_text] Verantwortlicher Verantwortlich nach dem Teledienstgesetz: Dieter Philippi &#8211; Metzerstra\u00dfe 9, 66636 Tholey &nbsp; Geltungsbereich Die nachfolgenden Ausf\u00fchrungen gelten f\u00fcr die Website\u00a0www.dieter-philippi.de\u00a0&#8211; nachfolgend Webseiteninhaber bezeichnet &#8211; und alle damit verbundenen Inhalte. Es wird auch das Verh\u00e4ltnis zwischen dem Webseiteninhaber, den Nutzern der von ihm angebotenen Inhalte sowie das Verh\u00e4ltnis zu etwaigen Dritten, die durch Links,&hellip;<\/p>\n","protected":false},"author":1,"featured_media":0,"parent":0,"menu_order":0,"comment_status":"closed","ping_status":"closed","template":"","meta":[],"translation":{"provider":"WPGlobus","version":"2.10.4","language":"en","enabled_languages":["de","en"],"languages":{"de":{"title":true,"content":true,"excerpt":false},"en":{"title":false,"content":false,"excerpt":false}}},"_links":{"self":[{"href":"https:\/\/philippi-collection.de\/en\/wp-json\/wp\/v2\/pages\/1845"}],"collection":[{"href":"https:\/\/philippi-collection.de\/en\/wp-json\/wp\/v2\/pages"}],"about":[{"href":"https:\/\/philippi-collection.de\/en\/wp-json\/wp\/v2\/types\/page"}],"author":[{"embeddable":true,"href":"https:\/\/philippi-collection.de\/en\/wp-json\/wp\/v2\/users\/1"}],"replies":[{"embeddable":true,"href":"https:\/\/philippi-collection.de\/en\/wp-json\/wp\/v2\/comments?post=1845"}],"version-history":[{"count":3,"href":"https:\/\/philippi-collection.de\/en\/wp-json\/wp\/v2\/pages\/1845\/revisions"}],"predecessor-version":[{"id":1951,"href":"https:\/\/philippi-collection.de\/en\/wp-json\/wp\/v2\/pages\/1845\/revisions\/1951"}],"wp:attachment":[{"href":"https:\/\/philippi-collection.de\/en\/wp-json\/wp\/v2\/media?parent=1845"}],"curies":[{"name":"wp","href":"https:\/\/api.w.org\/{rel}","templated":true}]}}