{"id":1848,"date":"2020-10-02T11:23:17","date_gmt":"2020-10-02T09:23:17","guid":{"rendered":"http:\/\/philippi-collection.de\/?page_id=1848"},"modified":"2020-10-02T11:23:17","modified_gmt":"2020-10-02T09:23:17","slug":"datenschutz","status":"publish","type":"page","link":"https:\/\/philippi-collection.de\/en\/datenschutz\/","title":{"rendered":"Datenschutz"},"content":{"rendered":"<p>[vc_row][vc_column][vc_column_text]<\/p>\n<table class=\"contentpaneopen\" width=\"100%\">\n<tbody>\n<tr>\n<td class=\"contentheading\" width=\"100%\">Datenschutz<\/td>\n<\/tr>\n<\/tbody>\n<\/table>\n<table class=\"contentpaneopen\" width=\"100%\">\n<tbody>\n<tr>\n<td valign=\"top\">Diese Webseite benutzt Google Analytics, einen Webanalysedienst der Google Inc. (\u201eGoogle\u201c). Google Analytics verwendet sog. \u201eCookies\u201c, Textdateien, die auf Ihrem Computer gespeichert werden und die eine Analyse der Benutzung der Webseite durch Sie erm\u00f6glichen. Die durch den Cookie erzeugten Informationen \u00fcber Ihre Benutzung dieser Webseite (einschlie\u00dflich Ihrer IP-Adresse) werden an einen Server von Google in den USA \u00fcbertragen und dort gespeichert. Google wird diese Informationen benutzen, um Ihre Nutzung der Webseite auszuwerten, um Reports \u00fcber die Webseitenaktivit\u00e4ten f\u00fcr die Webseitenbetreiber zusammenzustellen und um weitere mit der Websitenutzung und der Internetnutzung verbundene Dienstleistungen zu erbringen. Auch wird Google diese Informationen gegebenenfalls an Dritte \u00fcbertragen, sofern dies gesetzlich vorgeschrieben oder soweit Dritte diese Daten im Auftrag von Google verarbeiten. Google wird in keinem Fall Ihre IP-Adresse mit anderen Daten von Google in Verbindung bringen. Sie k\u00f6nnen die Installation der Cookies durch eine entsprechende Einstellung Ihrer Browser Software verhindern; wir weisen Sie jedoch darauf hin, dass Sie in diesem Fall gegebenenfalls nicht s\u00e4mtliche Funktionen dieser Website vollumf\u00e4nglich nutzen k\u00f6nnen. Durch die Nutzung dieser Webseite erkl\u00e4ren Sie sich mit der Bearbeitung der \u00fcber Sie erhobenen Daten durch Google in der zuvor beschriebenen Art und Weise und zu dem zuvor benannten Zweck einverstanden.<\/p>\n<p>&nbsp;<\/p>\n<p><strong>Der Erhebung und Nutzung Ihrer IP-Adresse durch Google Analytics k\u00f6nnen Sie jederzeit mit Wirkung f\u00fcr die Zukunft widersprechen. N\u00e4here Informationen hierzu finden Sie unter\u00a0<a href=\"http:\/\/tools.google.com\/dlpage\/gaoptout?hl=de\" target=\"_blank\" rel=\"noopener noreferrer\">http:\/\/tools.google.com\/dlpage\/gaoptout?hl=de<\/a>. Wir weisen Sie darauf hin, dass auf dieser Webseite Google Analytics um den Code \u201egat._anonymizeIp();\u201c erweitert wurde, um eine anonymisierte Erfassung von IP-Adressen zu gew\u00e4hrleisten.<\/strong><\/td>\n<\/tr>\n<\/tbody>\n<\/table>\n<p>[\/vc_column_text][\/vc_column][\/vc_row]<\/p>\n","protected":false},"excerpt":{"rendered":"<p>[vc_row][vc_column][vc_column_text] Datenschutz Diese Webseite benutzt Google Analytics, einen Webanalysedienst der Google Inc. (\u201eGoogle\u201c). Google Analytics verwendet sog. \u201eCookies\u201c, Textdateien, die auf Ihrem Computer gespeichert werden und die eine Analyse der Benutzung der Webseite durch Sie erm\u00f6glichen. Die durch den Cookie erzeugten Informationen \u00fcber Ihre Benutzung dieser Webseite (einschlie\u00dflich Ihrer IP-Adresse) werden an einen Server von&hellip;<\/p>\n","protected":false},"author":1,"featured_media":0,"parent":0,"menu_order":0,"comment_status":"closed","ping_status":"closed","template":"","meta":[],"translation":{"provider":"WPGlobus","version":"2.10.4","language":"en","enabled_languages":["de","en"],"languages":{"de":{"title":true,"content":true,"excerpt":false},"en":{"title":false,"content":false,"excerpt":false}}},"_links":{"self":[{"href":"https:\/\/philippi-collection.de\/en\/wp-json\/wp\/v2\/pages\/1848"}],"collection":[{"href":"https:\/\/philippi-collection.de\/en\/wp-json\/wp\/v2\/pages"}],"about":[{"href":"https:\/\/philippi-collection.de\/en\/wp-json\/wp\/v2\/types\/page"}],"author":[{"embeddable":true,"href":"https:\/\/philippi-collection.de\/en\/wp-json\/wp\/v2\/users\/1"}],"replies":[{"embeddable":true,"href":"https:\/\/philippi-collection.de\/en\/wp-json\/wp\/v2\/comments?post=1848"}],"version-history":[{"count":1,"href":"https:\/\/philippi-collection.de\/en\/wp-json\/wp\/v2\/pages\/1848\/revisions"}],"predecessor-version":[{"id":1849,"href":"https:\/\/philippi-collection.de\/en\/wp-json\/wp\/v2\/pages\/1848\/revisions\/1849"}],"wp:attachment":[{"href":"https:\/\/philippi-collection.de\/en\/wp-json\/wp\/v2\/media?parent=1848"}],"curies":[{"name":"wp","href":"https:\/\/api.w.org\/{rel}","templated":true}]}}