{"id":2002,"date":"2020-11-05T14:01:31","date_gmt":"2020-11-05T13:01:31","guid":{"rendered":"http:\/\/philippi-collection.de\/?page_id=2002"},"modified":"2025-02-18T16:02:51","modified_gmt":"2025-02-18T15:02:51","slug":"kontakt-anfahrt","status":"publish","type":"page","link":"https:\/\/philippi-collection.de\/en\/kontakt-anfahrt\/","title":{"rendered":"Contact and Directions"},"content":{"rendered":"<p>[vc_row full_width=&#8221;stretch_row_content_no_spaces&#8221; equal_height=&#8221;yes&#8221; content_placement=&#8221;top&#8221;][vc_column width=&#8221;1\/2&#8243; css=&#8221;.vc_custom_1571562230026{padding-top: 50px !important;padding-right: 50px !important;padding-bottom: 20px !important;padding-left: 50px !important;background-color: #fbfafa !important;}&#8221;]<div id=\"ultimate-heading-334869e011107e997\" class=\"uvc-heading ult-adjust-bottom-margin ultimate-heading-334869e011107e997 uvc-2753  uvc-heading-default-font-sizes\" data-hspacer=\"no_spacer\"  data-halign=\"left\" style=\"text-align:left\"><div class=\"uvc-heading-spacer no_spacer\" style=\"top\"><\/div><div class=\"uvc-main-heading ult-responsive\"  data-ultimate-target='.uvc-heading.ultimate-heading-334869e011107e997 h2'  data-responsive-json-new='{\"font-size\":\"\",\"line-height\":\"\"}' ><h2 style=\"--font-weight:theme;margin-bottom:30px;\">Anfahrt<\/h2><\/div><\/div><div class='ult_hotspot_container ult-adjust-bottom-margin ult-hotspot-tooltip-wrapper ' style=>  <img class='ult_hotspot_image' src=https:\/\/philippi-collection.de\/wp-content\/uploads\/2020\/09\/DP_Website_Karte_0920.jpg alt='null'\/>     <div class='utl-hotspot-items ult-hotspot-item'><div class='ult-hotspot-item  ' style='top:-webkit-calc(42.360710161662816% - 22px);top:-moz-calc(42.360710161662816% - 22px);top:calc(42.360710161662816% - 22px);left: -webkit-calc(45.01347708894879% - 22px);left: -moz-calc(45.01347708894879% - 22px);left: calc(45.01347708894879% - 22px);' >  <div style='z-index: 39;position: relative;'>   <a data-link_style='simple' class='ult-tooltipstered ult-hotspot-tooltip' href=\"https:\/\/www.google.com\/maps\/place\/66636+Tholey\/@49.4815892,7.0220368,16.5z\/data=!4m5!3m4!1s0x4795960583bb09f1:0x91243ac856e2b41a!8m2!3d49.4821357!4d7.0323892\" target=\"_blank\" rel=\"noopener\"  data-status='hide'><div class=\"ult-just-icon-wrapper  \"><div class=\"align-icon\" style=\"text-align:center;\">\n<div class=\"aio-icon  \"  style=\"color:#979fa3;font-size:44px;display:inline-block;\">\n\t<i class=\"icomoon-the7-font-the7-map-04\"><\/i>\n<\/div><\/div><\/div>  <\/a> <\/div><!-- ICON WRAP --> <div class='ult-glow' ><\/div><\/div>\n<\/div>     <div style='color:#000;' data-image='    '><\/div><\/div>[\/vc_column][vc_column width=&#8221;1\/2&#8243; css=&#8221;.vc_custom_1571562136338{padding-top: 50px !important;padding-right: 50px !important;padding-bottom: 50px !important;padding-left: 50px !important;background-color: #ececec !important;}&#8221;]<div id=\"ultimate-heading-146069e011107f5a3\" class=\"uvc-heading ult-adjust-bottom-margin ultimate-heading-146069e011107f5a3 uvc-9875  uvc-heading-default-font-sizes\" data-hspacer=\"no_spacer\"  data-halign=\"left\" style=\"text-align:left\"><div class=\"uvc-heading-spacer no_spacer\" style=\"top\"><\/div><div class=\"uvc-main-heading ult-responsive\"  data-ultimate-target='.uvc-heading.ultimate-heading-146069e011107f5a3 h2'  data-responsive-json-new='{\"font-size\":\"\",\"line-height\":\"\"}' ><h2 style=\"--font-weight:theme;margin-bottom:30px;\">Kontaktinformationen<\/h2><\/div><div class=\"uvc-sub-heading ult-responsive\"  data-ultimate-target='.uvc-heading.ultimate-heading-146069e011107f5a3 .uvc-sub-heading '  data-responsive-json-new='{\"font-size\":\"\",\"line-height\":\"\"}'  style=\"font-weight:normal;margin-bottom:30px;\">Metzer Stra\u00dfe 9, 66636 Tholey<\/p>\n<p>Telefon: 06894\/3883311<\/p>\n<p>info@philippi.museum<\/div><\/div><style type=\"text\/css\" data-type=\"the7_shortcodes-inline-css\">.dt-shortcode-soc-icons.soc-icons-cb68014edf1faece5dcac95c19426bc0 a {\n  margin-right: 10px;\n}\n.dt-shortcode-soc-icons a.soc-icons-cb68014edf1faece5dcac95c19426bc0 {\n  min-width: ;\n  min-height: ;\n  font-size: ;\n  border-radius: ;\n  margin-right: 10px;\n}\n.dt-shortcode-soc-icons a.soc-icons-cb68014edf1faece5dcac95c19426bc0:last-child {\n  margin-right: 0;\n}\n.dt-shortcode-soc-icons a.soc-icons-cb68014edf1faece5dcac95c19426bc0:before,\n.dt-shortcode-soc-icons a.soc-icons-cb68014edf1faece5dcac95c19426bc0:after {\n  min-width: ;\n  min-height: ;\n  padding: inherit;\n}\n.dt-shortcode-soc-icons a.soc-icons-cb68014edf1faece5dcac95c19426bc0.dt-icon-border-on:before {\n  border:  solid ;\n}\n.dt-shortcode-soc-icons a.soc-icons-cb68014edf1faece5dcac95c19426bc0.dt-icon-hover-border-on:after {\n  border:  solid ;\n}\n.dt-shortcode-soc-icons a.soc-icons-cb68014edf1faece5dcac95c19426bc0:hover {\n  font-size: ;\n}\n.dt-shortcode-soc-icons a.soc-icons-cb68014edf1faece5dcac95c19426bc0 .soc-font-icon,\n.dt-shortcode-soc-icons a.soc-icons-cb68014edf1faece5dcac95c19426bc0 .soc-icon {\n  font-size: ;\n}\n<\/style><div class=\"dt-shortcode-soc-icons  soc-icons-cb68014edf1faece5dcac95c19426bc0 soc-icons-left \" ><style type=\"text\/css\" data-type=\"the7_shortcodes-inline-css\">.dt-shortcode-soc-icons.single-soc-icon-6fe808799638d2f3068a9930940606d4 a {\n  margin-right: ;\n}\n.dt-shortcode-soc-icons a.single-soc-icon-6fe808799638d2f3068a9930940606d4 {\n  min-width: 46px;\n  min-height: 46px;\n  font-size: 24px;\n  border-radius: 100px;\n  margin-right: ;\n}\n.dt-shortcode-soc-icons a.single-soc-icon-6fe808799638d2f3068a9930940606d4:last-child {\n  margin-right: 0;\n}\n.dt-shortcode-soc-icons a.single-soc-icon-6fe808799638d2f3068a9930940606d4:before,\n.dt-shortcode-soc-icons a.single-soc-icon-6fe808799638d2f3068a9930940606d4:after {\n  min-width: 46px;\n  min-height: 46px;\n  padding: inherit;\n}\n.dt-shortcode-soc-icons a.single-soc-icon-6fe808799638d2f3068a9930940606d4.dt-icon-border-on:before {\n  border: 2px solid #2e2b36;\n}\n.dt-shortcode-soc-icons a.single-soc-icon-6fe808799638d2f3068a9930940606d4.dt-icon-hover-border-on:after {\n  border: 2px solid ;\n}\n.dt-shortcode-soc-icons a.single-soc-icon-6fe808799638d2f3068a9930940606d4:hover {\n  font-size: 24px;\n}\n#page .dt-shortcode-soc-icons a.single-soc-icon-6fe808799638d2f3068a9930940606d4:hover .soc-font-icon,\n#phantom .dt-shortcode-soc-icons a.single-soc-icon-6fe808799638d2f3068a9930940606d4:hover .soc-font-icon,\n#page .dt-shortcode-soc-icons a.single-soc-icon-6fe808799638d2f3068a9930940606d4:hover .soc-icon,\n#phantom .dt-shortcode-soc-icons a.single-soc-icon-6fe808799638d2f3068a9930940606d4:hover .soc-icon {\n  color: #ffffff;\n  background: none;\n}\n#page .dt-shortcode-soc-icons a.single-soc-icon-6fe808799638d2f3068a9930940606d4.dt-icon-hover-bg-on:after,\n#phantom .dt-shortcode-soc-icons a.single-soc-icon-6fe808799638d2f3068a9930940606d4.dt-icon-hover-bg-on:after {\n  background: #2e2b36;\n}\n#page .dt-shortcode-soc-icons a.single-soc-icon-6fe808799638d2f3068a9930940606d4:not(:hover) .soc-font-icon,\n#phantom .dt-shortcode-soc-icons a.single-soc-icon-6fe808799638d2f3068a9930940606d4:not(:hover) .soc-font-icon,\n#page .dt-shortcode-soc-icons a.single-soc-icon-6fe808799638d2f3068a9930940606d4:not(:hover) .soc-icon,\n#phantom .dt-shortcode-soc-icons a.single-soc-icon-6fe808799638d2f3068a9930940606d4:not(:hover) .soc-icon {\n  color: #2e2b36;\n  background: none;\n}\n.dt-shortcode-soc-icons a.single-soc-icon-6fe808799638d2f3068a9930940606d4 .soc-font-icon,\n.dt-shortcode-soc-icons a.single-soc-icon-6fe808799638d2f3068a9930940606d4 .soc-icon {\n  font-size: 24px;\n}\n<\/style><a title=\"Facebook\" href=\"\/\" class=\"facebook single-soc-icon-6fe808799638d2f3068a9930940606d4 dt-icon-bg-off dt-icon-border-on dt-icon-hover-bg-on  \" ><i class=\"soc-icon soc-font-icon dt-icon-facebook\"><\/i><span class=\"screen-reader-text\">Facebook<\/span><\/a><style type=\"text\/css\" data-type=\"the7_shortcodes-inline-css\">.dt-shortcode-soc-icons.single-soc-icon-29a8c6ecbf9bd1918eebcff463a4ac2a a {\n  margin-right: ;\n}\n.dt-shortcode-soc-icons a.single-soc-icon-29a8c6ecbf9bd1918eebcff463a4ac2a {\n  min-width: 46px;\n  min-height: 46px;\n  font-size: 24px;\n  border-radius: 100px;\n  margin-right: ;\n}\n.dt-shortcode-soc-icons a.single-soc-icon-29a8c6ecbf9bd1918eebcff463a4ac2a:last-child {\n  margin-right: 0;\n}\n.dt-shortcode-soc-icons a.single-soc-icon-29a8c6ecbf9bd1918eebcff463a4ac2a:before,\n.dt-shortcode-soc-icons a.single-soc-icon-29a8c6ecbf9bd1918eebcff463a4ac2a:after {\n  min-width: 46px;\n  min-height: 46px;\n  padding: inherit;\n}\n.dt-shortcode-soc-icons a.single-soc-icon-29a8c6ecbf9bd1918eebcff463a4ac2a.dt-icon-border-on:before {\n  border: 2px solid #2e2b36;\n}\n.dt-shortcode-soc-icons a.single-soc-icon-29a8c6ecbf9bd1918eebcff463a4ac2a.dt-icon-hover-border-on:after {\n  border: 2px solid ;\n}\n.dt-shortcode-soc-icons a.single-soc-icon-29a8c6ecbf9bd1918eebcff463a4ac2a:hover {\n  font-size: 24px;\n}\n#page .dt-shortcode-soc-icons a.single-soc-icon-29a8c6ecbf9bd1918eebcff463a4ac2a:hover .soc-font-icon,\n#phantom .dt-shortcode-soc-icons a.single-soc-icon-29a8c6ecbf9bd1918eebcff463a4ac2a:hover .soc-font-icon,\n#page .dt-shortcode-soc-icons a.single-soc-icon-29a8c6ecbf9bd1918eebcff463a4ac2a:hover .soc-icon,\n#phantom .dt-shortcode-soc-icons a.single-soc-icon-29a8c6ecbf9bd1918eebcff463a4ac2a:hover .soc-icon {\n  color: #ffffff;\n  background: none;\n}\n#page .dt-shortcode-soc-icons a.single-soc-icon-29a8c6ecbf9bd1918eebcff463a4ac2a.dt-icon-hover-bg-on:after,\n#phantom .dt-shortcode-soc-icons a.single-soc-icon-29a8c6ecbf9bd1918eebcff463a4ac2a.dt-icon-hover-bg-on:after {\n  background: #2e2b36;\n}\n#page .dt-shortcode-soc-icons a.single-soc-icon-29a8c6ecbf9bd1918eebcff463a4ac2a:not(:hover) .soc-font-icon,\n#phantom .dt-shortcode-soc-icons a.single-soc-icon-29a8c6ecbf9bd1918eebcff463a4ac2a:not(:hover) .soc-font-icon,\n#page .dt-shortcode-soc-icons a.single-soc-icon-29a8c6ecbf9bd1918eebcff463a4ac2a:not(:hover) .soc-icon,\n#phantom .dt-shortcode-soc-icons a.single-soc-icon-29a8c6ecbf9bd1918eebcff463a4ac2a:not(:hover) .soc-icon {\n  color: #2e2b36;\n  background: none;\n}\n.dt-shortcode-soc-icons a.single-soc-icon-29a8c6ecbf9bd1918eebcff463a4ac2a .soc-font-icon,\n.dt-shortcode-soc-icons a.single-soc-icon-29a8c6ecbf9bd1918eebcff463a4ac2a .soc-icon {\n  font-size: 24px;\n}\n<\/style><a title=\"Instagram\" href=\"\/\" class=\"instagram single-soc-icon-29a8c6ecbf9bd1918eebcff463a4ac2a dt-icon-bg-off dt-icon-border-on dt-icon-hover-bg-on  \" ><i class=\"soc-icon soc-font-icon dt-icon-instagram\"><\/i><span class=\"screen-reader-text\">Instagram<\/span><\/a><style type=\"text\/css\" data-type=\"the7_shortcodes-inline-css\">.dt-shortcode-soc-icons.single-soc-icon-38de894129a56b68a56d7b1d7844ce26 a {\n  margin-right: ;\n}\n.dt-shortcode-soc-icons a.single-soc-icon-38de894129a56b68a56d7b1d7844ce26 {\n  min-width: 46px;\n  min-height: 46px;\n  font-size: 24px;\n  border-radius: 100px;\n  margin-right: ;\n}\n.dt-shortcode-soc-icons a.single-soc-icon-38de894129a56b68a56d7b1d7844ce26:last-child {\n  margin-right: 0;\n}\n.dt-shortcode-soc-icons a.single-soc-icon-38de894129a56b68a56d7b1d7844ce26:before,\n.dt-shortcode-soc-icons a.single-soc-icon-38de894129a56b68a56d7b1d7844ce26:after {\n  min-width: 46px;\n  min-height: 46px;\n  padding: inherit;\n}\n.dt-shortcode-soc-icons a.single-soc-icon-38de894129a56b68a56d7b1d7844ce26.dt-icon-border-on:before {\n  border: 2px solid #2e2b36;\n}\n.dt-shortcode-soc-icons a.single-soc-icon-38de894129a56b68a56d7b1d7844ce26.dt-icon-hover-border-on:after {\n  border: 2px solid ;\n}\n.dt-shortcode-soc-icons a.single-soc-icon-38de894129a56b68a56d7b1d7844ce26:hover {\n  font-size: 24px;\n}\n#page .dt-shortcode-soc-icons a.single-soc-icon-38de894129a56b68a56d7b1d7844ce26:hover .soc-font-icon,\n#phantom .dt-shortcode-soc-icons a.single-soc-icon-38de894129a56b68a56d7b1d7844ce26:hover .soc-font-icon,\n#page .dt-shortcode-soc-icons a.single-soc-icon-38de894129a56b68a56d7b1d7844ce26:hover .soc-icon,\n#phantom .dt-shortcode-soc-icons a.single-soc-icon-38de894129a56b68a56d7b1d7844ce26:hover .soc-icon {\n  color: #ffffff;\n  background: none;\n}\n#page .dt-shortcode-soc-icons a.single-soc-icon-38de894129a56b68a56d7b1d7844ce26.dt-icon-hover-bg-on:after,\n#phantom .dt-shortcode-soc-icons a.single-soc-icon-38de894129a56b68a56d7b1d7844ce26.dt-icon-hover-bg-on:after {\n  background: #2e2b36;\n}\n#page .dt-shortcode-soc-icons a.single-soc-icon-38de894129a56b68a56d7b1d7844ce26:not(:hover) .soc-font-icon,\n#phantom .dt-shortcode-soc-icons a.single-soc-icon-38de894129a56b68a56d7b1d7844ce26:not(:hover) .soc-font-icon,\n#page .dt-shortcode-soc-icons a.single-soc-icon-38de894129a56b68a56d7b1d7844ce26:not(:hover) .soc-icon,\n#phantom .dt-shortcode-soc-icons a.single-soc-icon-38de894129a56b68a56d7b1d7844ce26:not(:hover) .soc-icon {\n  color: #2e2b36;\n  background: none;\n}\n.dt-shortcode-soc-icons a.single-soc-icon-38de894129a56b68a56d7b1d7844ce26 .soc-font-icon,\n.dt-shortcode-soc-icons a.single-soc-icon-38de894129a56b68a56d7b1d7844ce26 .soc-icon {\n  font-size: 24px;\n}\n<\/style><a title=\"Twitter\" href=\"\/\" class=\"twitter single-soc-icon-38de894129a56b68a56d7b1d7844ce26 dt-icon-bg-off dt-icon-border-on dt-icon-hover-bg-on  \" ><i class=\"soc-icon soc-font-icon dt-icon-twitter\"><\/i><span class=\"screen-reader-text\">Twitter<\/span><\/a><style type=\"text\/css\" data-type=\"the7_shortcodes-inline-css\">.dt-shortcode-soc-icons.single-soc-icon-300c77f8928a6f54ac1b0cd531cd030b a {\n  margin-right: ;\n}\n.dt-shortcode-soc-icons a.single-soc-icon-300c77f8928a6f54ac1b0cd531cd030b {\n  min-width: 46px;\n  min-height: 46px;\n  font-size: 24px;\n  border-radius: 100px;\n  margin-right: ;\n}\n.dt-shortcode-soc-icons a.single-soc-icon-300c77f8928a6f54ac1b0cd531cd030b:last-child {\n  margin-right: 0;\n}\n.dt-shortcode-soc-icons a.single-soc-icon-300c77f8928a6f54ac1b0cd531cd030b:before,\n.dt-shortcode-soc-icons a.single-soc-icon-300c77f8928a6f54ac1b0cd531cd030b:after {\n  min-width: 46px;\n  min-height: 46px;\n  padding: inherit;\n}\n.dt-shortcode-soc-icons a.single-soc-icon-300c77f8928a6f54ac1b0cd531cd030b.dt-icon-border-on:before {\n  border: 2px solid #2e2b36;\n}\n.dt-shortcode-soc-icons a.single-soc-icon-300c77f8928a6f54ac1b0cd531cd030b.dt-icon-hover-border-on:after {\n  border: 2px solid ;\n}\n.dt-shortcode-soc-icons a.single-soc-icon-300c77f8928a6f54ac1b0cd531cd030b:hover {\n  font-size: 24px;\n}\n#page .dt-shortcode-soc-icons a.single-soc-icon-300c77f8928a6f54ac1b0cd531cd030b:hover .soc-font-icon,\n#phantom .dt-shortcode-soc-icons a.single-soc-icon-300c77f8928a6f54ac1b0cd531cd030b:hover .soc-font-icon,\n#page .dt-shortcode-soc-icons a.single-soc-icon-300c77f8928a6f54ac1b0cd531cd030b:hover .soc-icon,\n#phantom .dt-shortcode-soc-icons a.single-soc-icon-300c77f8928a6f54ac1b0cd531cd030b:hover .soc-icon {\n  color: #ffffff;\n  background: none;\n}\n#page .dt-shortcode-soc-icons a.single-soc-icon-300c77f8928a6f54ac1b0cd531cd030b.dt-icon-hover-bg-on:after,\n#phantom .dt-shortcode-soc-icons a.single-soc-icon-300c77f8928a6f54ac1b0cd531cd030b.dt-icon-hover-bg-on:after {\n  background: #2e2b36;\n}\n#page .dt-shortcode-soc-icons a.single-soc-icon-300c77f8928a6f54ac1b0cd531cd030b:not(:hover) .soc-font-icon,\n#phantom .dt-shortcode-soc-icons a.single-soc-icon-300c77f8928a6f54ac1b0cd531cd030b:not(:hover) .soc-font-icon,\n#page .dt-shortcode-soc-icons a.single-soc-icon-300c77f8928a6f54ac1b0cd531cd030b:not(:hover) .soc-icon,\n#phantom .dt-shortcode-soc-icons a.single-soc-icon-300c77f8928a6f54ac1b0cd531cd030b:not(:hover) .soc-icon {\n  color: #2e2b36;\n  background: none;\n}\n.dt-shortcode-soc-icons a.single-soc-icon-300c77f8928a6f54ac1b0cd531cd030b .soc-font-icon,\n.dt-shortcode-soc-icons a.single-soc-icon-300c77f8928a6f54ac1b0cd531cd030b .soc-icon {\n  font-size: 24px;\n}\n<\/style><a title=\"YouTube\" href=\"\/\" class=\"you-tube single-soc-icon-300c77f8928a6f54ac1b0cd531cd030b dt-icon-bg-off dt-icon-border-on dt-icon-hover-bg-on  \" ><i class=\"soc-icon soc-font-icon dt-icon-you-tube\"><\/i><span class=\"screen-reader-text\">YouTube<\/span><\/a><\/div>[\/vc_column][\/vc_row][vc_row full_width=&#8221;stretch_row_content_no_spaces&#8221; equal_height=&#8221;yes&#8221; content_placement=&#8221;top&#8221; el_class=&#8221;reverse-row-on-mobile&#8221;][vc_column width=&#8221;1\/2&#8243; css=&#8221;.vc_custom_1571562273382{padding-top: 50px !important;padding-right: 50px !important;padding-bottom: 50px !important;padding-left: 50px !important;background-color: #ececec !important;}&#8221;]<div id=\"ultimate-heading-372569e01110803a6\" class=\"uvc-heading ult-adjust-bottom-margin ultimate-heading-372569e01110803a6 uvc-4175  uvc-heading-default-font-sizes\" data-hspacer=\"no_spacer\"  data-halign=\"left\" style=\"text-align:left\"><div class=\"uvc-heading-spacer no_spacer\" style=\"top\"><\/div><div class=\"uvc-main-heading ult-responsive\"  data-ultimate-target='.uvc-heading.ultimate-heading-372569e01110803a6 h2'  data-responsive-json-new='{\"font-size\":\"\",\"line-height\":\"\"}' ><h2 style=\"--font-weight:theme;margin-bottom:30px;\">\u00d6ffnungszeiten<\/h2><\/div><div class=\"uvc-sub-heading ult-responsive\"  data-ultimate-target='.uvc-heading.ultimate-heading-372569e01110803a6 .uvc-sub-heading '  data-responsive-json-new='{\"font-size\":\"\",\"line-height\":\"\"}'  style=\"font-weight:normal;\">Wir freuen uns auf Ihren Besuch und empfangen Sie gerne. Nach Absprache sind F\u00fchrungen f\u00fcr Gruppen oder Einzelpersonen m\u00f6glich. Schreiben Sie uns hierzu gerne \u00fcber unser Kontaktformular.<\/p>\n<p>Vorabinformation \u00fcber das <a href=\"https:\/\/www.abtei-tholey.de\/\">Besucherzentrum der Abteil Tholey<\/a>.<\/div><\/div>[\/vc_column][vc_column width=&#8221;1\/2&#8243; css=&#8221;.vc_custom_1571562566387{padding-top: 50px !important;padding-right: 50px !important;padding-bottom: 50px !important;padding-left: 50px !important;background-color: #fbfafa !important;}&#8221;][vc_single_image image=&#8221;1325&#8243; img_size=&#8221;full&#8221; alignment=&#8221;center&#8221;][\/vc_column][\/vc_row][vc_row][vc_column][vc_column_text][\/vc_column_text][\/vc_column][\/vc_row]<\/p>\n","protected":false},"excerpt":{"rendered":"<p>[vc_row full_width=&#8221;stretch_row_content_no_spaces&#8221; equal_height=&#8221;yes&#8221; content_placement=&#8221;top&#8221;][vc_column width=&#8221;1\/2&#8243; css=&#8221;.vc_custom_1571562230026{padding-top: 50px !important;padding-right: 50px !important;padding-bottom: 20px !important;padding-left: 50px !important;background-color: #fbfafa !important;}&#8221;][\/vc_column][vc_column width=&#8221;1\/2&#8243; css=&#8221;.vc_custom_1571562136338{padding-top: 50px !important;padding-right: 50px !important;padding-bottom: 50px !important;padding-left: 50px !important;background-color: #ececec !important;}&#8221;][\/vc_column][\/vc_row][vc_row full_width=&#8221;stretch_row_content_no_spaces&#8221; equal_height=&#8221;yes&#8221; content_placement=&#8221;top&#8221; el_class=&#8221;reverse-row-on-mobile&#8221;][vc_column width=&#8221;1\/2&#8243; css=&#8221;.vc_custom_1571562273382{padding-top: 50px !important;padding-right: 50px !important;padding-bottom: 50px !important;padding-left: 50px !important;background-color: #ececec !important;}&#8221;][\/vc_column][vc_column width=&#8221;1\/2&#8243; css=&#8221;.vc_custom_1571562566387{padding-top: 50px !important;padding-right: 50px !important;padding-bottom: 50px !important;padding-left: 50px !important;background-color: #fbfafa&hellip;<\/p>\n","protected":false},"author":1,"featured_media":0,"parent":0,"menu_order":0,"comment_status":"closed","ping_status":"closed","template":"","meta":[],"translation":{"provider":"WPGlobus","version":"2.10.4","language":"en","enabled_languages":["de","en"],"languages":{"de":{"title":true,"content":true,"excerpt":false},"en":{"title":true,"content":false,"excerpt":false}}},"_links":{"self":[{"href":"https:\/\/philippi-collection.de\/en\/wp-json\/wp\/v2\/pages\/2002"}],"collection":[{"href":"https:\/\/philippi-collection.de\/en\/wp-json\/wp\/v2\/pages"}],"about":[{"href":"https:\/\/philippi-collection.de\/en\/wp-json\/wp\/v2\/types\/page"}],"author":[{"embeddable":true,"href":"https:\/\/philippi-collection.de\/en\/wp-json\/wp\/v2\/users\/1"}],"replies":[{"embeddable":true,"href":"https:\/\/philippi-collection.de\/en\/wp-json\/wp\/v2\/comments?post=2002"}],"version-history":[{"count":28,"href":"https:\/\/philippi-collection.de\/en\/wp-json\/wp\/v2\/pages\/2002\/revisions"}],"predecessor-version":[{"id":2158,"href":"https:\/\/philippi-collection.de\/en\/wp-json\/wp\/v2\/pages\/2002\/revisions\/2158"}],"wp:attachment":[{"href":"https:\/\/philippi-collection.de\/en\/wp-json\/wp\/v2\/media?parent=2002"}],"curies":[{"name":"wp","href":"https:\/\/api.w.org\/{rel}","templated":true}]}}