{"id":2144,"date":"2023-04-21T11:54:17","date_gmt":"2023-04-21T09:54:17","guid":{"rendered":"https:\/\/philippi-collection.de\/?page_id=2144"},"modified":"2025-02-18T16:02:53","modified_gmt":"2025-02-18T15:02:53","slug":"museum-2","status":"publish","type":"page","link":"https:\/\/philippi-collection.de\/en\/museum-2\/","title":{"rendered":"Museum"},"content":{"rendered":"<p>[vc_row equal_height=&#8221;yes&#8221; content_placement=&#8221;top&#8221; css=&#8221;.vc_custom_1571477891398{padding-top: 70px !important;padding-bottom: 50px !important;}&#8221;][vc_column width=&#8221;1\/3&#8243; css=&#8221;.vc_custom_1571477821281{padding-bottom: 30px !important;}&#8221;]<div id=\"ultimate-heading-628569dacee10d201\" class=\"uvc-heading ult-adjust-bottom-margin ultimate-heading-628569dacee10d201 uvc-3142 \" data-hspacer=\"no_spacer\"  data-halign=\"left\" style=\"text-align:left\"><div class=\"uvc-heading-spacer no_spacer\" style=\"top\"><\/div><div class=\"uvc-main-heading ult-responsive\"  data-ultimate-target='.uvc-heading.ultimate-heading-628569dacee10d201 h1'  data-responsive-json-new='{\"font-size\":\"tablet_portrait:34px;\",\"line-height\":\"tablet_portrait:44px;\"}' ><h1 style=\"--font-weight:theme;margin-bottom:20px;\">Wir er\u00f6ffnen bald!<\/h1><\/div><\/div><div class=\"hr-thin style-double hr-left\" style=\"width: 70px;border-color: #2e2b36;border-top-width: 6px;\"><\/div>[vc_column_text]Aktuell befinden wir uns in einer spannenden Phase unserer Baustelle. Alle Beteiligten arbeiten mit sehr viel Engagement und Hingabe daran, unsere Ausstellung ins beste Licht zu r\u00fccken. Und so kommen wir von Tag zu Tag immer einen Schritt weiter, bis wir dann f\u00fcr Sie unsere T\u00fcren \u00f6ffnen. Seien Sie gespannt &#8211; wir freuen uns jetzt schon auf Ihren Besuch.[\/vc_column_text][vc_empty_space]<style type=\"text\/css\" data-type=\"the7_shortcodes-inline-css\">#default-btn-35318b99301f93bb5d613ca138b5b8eb {\n  border-radius: 1px;\n  font-size: 14px;\n  line-height: 16px;\n}\n.btn-shadow#default-btn-35318b99301f93bb5d613ca138b5b8eb {\n  box-shadow: 0 1px 6px rgba(0,0,0,0.12);\n  transition: box-shadow 0.2s ease-out, opacity 0.45s;\n}\n.btn-shadow#default-btn-35318b99301f93bb5d613ca138b5b8eb:hover {\n  box-shadow: 0 5px 11px 0 rgba(0,0,0,0.18), 0 4px 15px 0 rgba(0,0,0,0.15);\n}\n.btn-flat#default-btn-35318b99301f93bb5d613ca138b5b8eb {\n  box-shadow: none;\n}\n.btn-flat#default-btn-35318b99301f93bb5d613ca138b5b8eb:hover {\n  box-shadow: none;\n}\n#default-btn-35318b99301f93bb5d613ca138b5b8eb.ico-right-side > i {\n  margin-right: 0px;\n  margin-left: 8px;\n}\n#default-btn-35318b99301f93bb5d613ca138b5b8eb > i {\n  margin-right: 8px;\n  font-size: 12px;\n}\n#default-btn-35318b99301f93bb5d613ca138b5b8eb:not(:hover) {\n  border-width: 0px;\n  padding: 12px 18px 12px 18px;\n}\n#default-btn-35318b99301f93bb5d613ca138b5b8eb:hover {\n  border-width: 0px;\n  color: #ffffff;\n  padding: 12px 18px 12px 18px;\n}\n#default-btn-35318b99301f93bb5d613ca138b5b8eb:hover * {\n  color: #ffffff;\n}\n#default-btn-35318b99301f93bb5d613ca138b5b8eb.ico-right-side > i {\n  margin-right: 0px;\n  margin-left: 8px;\n}\n#default-btn-35318b99301f93bb5d613ca138b5b8eb > i {\n  margin-right: 8px;\n}\n#default-btn-35318b99301f93bb5d613ca138b5b8eb * {\n  vertical-align: middle;\n}\n<\/style><div class=\"btn-align-left\"><a href=\"http:\/\/philippi-collection.blogspot.com\/\" class=\"default-btn-shortcode dt-btn link-hover-off btn-flat \" id=\"default-btn-35318b99301f93bb5d613ca138b5b8eb\" title=\"Blog\"><span>Bereits hier vorab informieren<\/span><\/a><\/div>[\/vc_column][vc_column width=&#8221;2\/3&#8243; css=&#8221;.vc_custom_1571477868281{padding-bottom: 30px !important;}&#8221;][vc_single_image image=&#8221;1352&#8243; img_size=&#8221;full&#8221; alignment=&#8221;center&#8221; style=&#8221;vc_box_shadow_3d&#8221;][\/vc_column][\/vc_row]<\/p>\n","protected":false},"excerpt":{"rendered":"<p>[vc_row equal_height=&#8221;yes&#8221; content_placement=&#8221;top&#8221; css=&#8221;.vc_custom_1571477891398{padding-top: 70px !important;padding-bottom: 50px !important;}&#8221;][vc_column width=&#8221;1\/3&#8243; css=&#8221;.vc_custom_1571477821281{padding-bottom: 30px !important;}&#8221;][vc_column_text]Aktuell befinden wir uns in einer spannenden Phase unserer Baustelle. Alle Beteiligten arbeiten mit sehr viel Engagement und Hingabe daran, unsere Ausstellung ins beste Licht zu r\u00fccken. Und so kommen wir von Tag zu Tag immer einen Schritt weiter, bis wir dann f\u00fcr Sie&hellip;<\/p>\n","protected":false},"author":1,"featured_media":0,"parent":0,"menu_order":0,"comment_status":"closed","ping_status":"closed","template":"","meta":[],"translation":{"provider":"WPGlobus","version":"2.10.4","language":"en","enabled_languages":["de","en"],"languages":{"de":{"title":true,"content":true,"excerpt":false},"en":{"title":true,"content":false,"excerpt":false}}},"_links":{"self":[{"href":"https:\/\/philippi-collection.de\/en\/wp-json\/wp\/v2\/pages\/2144"}],"collection":[{"href":"https:\/\/philippi-collection.de\/en\/wp-json\/wp\/v2\/pages"}],"about":[{"href":"https:\/\/philippi-collection.de\/en\/wp-json\/wp\/v2\/types\/page"}],"author":[{"embeddable":true,"href":"https:\/\/philippi-collection.de\/en\/wp-json\/wp\/v2\/users\/1"}],"replies":[{"embeddable":true,"href":"https:\/\/philippi-collection.de\/en\/wp-json\/wp\/v2\/comments?post=2144"}],"version-history":[{"count":3,"href":"https:\/\/philippi-collection.de\/en\/wp-json\/wp\/v2\/pages\/2144\/revisions"}],"predecessor-version":[{"id":2159,"href":"https:\/\/philippi-collection.de\/en\/wp-json\/wp\/v2\/pages\/2144\/revisions\/2159"}],"wp:attachment":[{"href":"https:\/\/philippi-collection.de\/en\/wp-json\/wp\/v2\/media?parent=2144"}],"curies":[{"name":"wp","href":"https:\/\/api.w.org\/{rel}","templated":true}]}}